{"id":6944,"date":"2023-10-09T13:19:05","date_gmt":"2023-10-09T13:19:05","guid":{"rendered":"https:\/\/cybercompare.com\/?page_id=6944"},"modified":"2023-10-09T14:51:37","modified_gmt":"2023-10-09T14:51:37","slug":"cybercompare-nutzungsbedingungen-online-messe","status":"publish","type":"page","link":"https:\/\/cybercompare.com\/de\/cybercompare-nutzungsbedingungen-online-messe\/","title":{"rendered":"CyberCompare Nutzungsbedingungen Online-Messe"},"content":{"rendered":"\t\t<div data-elementor-type=\"wp-page\" data-elementor-id=\"6944\" class=\"elementor elementor-6944\" data-elementor-post-type=\"page\">\n\t\t\t\t<div class=\"elementor-element elementor-element-21cb466 e-flex e-con-boxed e-con e-parent\" data-id=\"21cb466\" data-element_type=\"container\" data-e-type=\"container\" data-settings=\"{&quot;background_background&quot;:&quot;classic&quot;,&quot;jet_parallax_layout_list&quot;:[]}\">\n\t\t\t\t\t<div class=\"e-con-inner\">\n\t\t<div class=\"elementor-element elementor-element-6e82635 e-con-full e-flex e-con e-child\" data-id=\"6e82635\" data-element_type=\"container\" data-e-type=\"container\" data-settings=\"{&quot;jet_parallax_layout_list&quot;:[]}\">\n\t\t\t\t<div class=\"elementor-element elementor-element-f7b263f elementor-widget elementor-widget-heading\" data-id=\"f7b263f\" data-element_type=\"widget\" data-e-type=\"widget\" data-widget_type=\"heading.default\">\n\t\t\t\t<div class=\"elementor-widget-container\">\n\t\t\t\t\t<h1 class=\"elementor-heading-title elementor-size-default\">CyberCompare Nutzungsbedingungen Online-Messe<\/h1>\t\t\t\t<\/div>\n\t\t\t\t<\/div>\n\t\t\t\t<\/div>\n\t\t\t\t\t<\/div>\n\t\t\t\t<\/div>\n\t\t<div class=\"elementor-element elementor-element-0a06fd9 e-flex e-con-boxed e-con e-parent\" data-id=\"0a06fd9\" data-element_type=\"container\" data-e-type=\"container\" data-settings=\"{&quot;jet_parallax_layout_list&quot;:[]}\">\n\t\t\t\t\t<div class=\"e-con-inner\">\n\t\t\t\t<div class=\"elementor-element elementor-element-e99c0f9 elementor-widget elementor-widget-text-editor\" data-id=\"e99c0f9\" data-element_type=\"widget\" data-e-type=\"widget\" data-widget_type=\"text-editor.default\">\n\t\t\t\t<div class=\"elementor-widget-container\">\n\t\t\t\t\t\t\t\t\t<article><div class=\"entry-content wp-block-post-content is-layout-flow wp-block-post-content-is-layout-flow\"><p>Zuletzt ge\u00e4ndert: 15.05.2023<\/p><p>Diese Nutzungsbedingungen f\u00fcr die Teilnahme an einer Online-Messe (\u201eNutzungsbedingungen\u201c) regeln ausschlie\u00dflich die Rechtsbeziehungen zwischen der grow platform GmbH, Gr\u00f6nerstr. 9, 71636 Ludwigsburg (\u201eCyberCompare\u201c) und dem Kunden bzw. der vom Kunden vertretenen juristischen Person hinsichtlich des Zugangs und die Teilnahme an einer Online-Messe (\u201eMesse-Services\u201c). CyberCompare bietet die Messe-Services ausschlie\u00dflich f\u00fcr gewerbliche Kunden an und akzeptiert keine Verbraucher im Sinne des \u00a7 13 BGB als Kunden.<\/p><h5><strong>1. Umfang der Nutzungsbedingungen<\/strong><\/h5><p>1.1 CyberCompare erm\u00f6glicht den Zugang zu und die Nutzung der Messe-Services ausschlie\u00dflich auf der Grundlage dieser Nutzungsbedingungen.<\/p><p>1.2 Der Kunde, im Falle einer nat\u00fcrlichen Person, sichert zu, dass er in der Lage ist, Vertr\u00e4ge zu schlie\u00dfen (z. B. dass er nicht minderj\u00e4hrig ist). Schlie\u00dft eine Person diesen Vertrag als Vertreter einer juristischen Person, z. B. des Unternehmens, f\u00fcr das sie t\u00e4tig ist, versichert diese Person gegen\u00fcber CyberCompare, dass das Unternehmen nach dem Recht des Landes, in dem es gegr\u00fcndet oder eingetragen ist, ordnungsgem\u00e4\u00df organisiert ist, rechtsg\u00fcltig besteht und dass sie \u00fcber eine rechtliche Befugnis, eine Erlaubnis, einen Beschluss oder eine Vollmacht zur Bindung des Unternehmens verf\u00fcgt.<\/p><p>1.3 Von diesen Nutzungsbedingungen abweichende oder ihnen entgegenstehende Bedingungen des Kunden oder Dritter finden keine Anwendung, auch wenn CyberCompare diesen Bedingungen des Kunden nicht ausdr\u00fccklich widerspricht.<\/p><p>1.4 CyberCompare ist berechtigt, die Messe-Services durch Dritte zu erbringen.<\/p><h5><strong>2. Registrierung, Pflichten im elektronischen Gesch\u00e4ftsverkehr und Bekanntmachungen<\/strong><\/h5><p>2.1 Der Zugang zu und die Nutzung der Messe-Services erfordert eine Registrierung.<\/p><p>2.2 Der Kunde muss bestimmte Daten angeben, die von CyberCompare ben\u00f6tigt werden, um den Zugang zu den Messe-Services zu erm\u00f6glichen. Die von CyberCompare bei der Registrierung abgefragten Daten m\u00fcssen vollst\u00e4ndig und korrekt angegeben werden.<\/p><p>2.3 Mit der \u00dcbermittlung der Registrierungsdaten gibt der Kunde gegen\u00fcber CyberCompare ein Angebot zum Abschluss eines Vertrages auf der Grundlage dieser Nutzungsbedingungen ab. Nach Absenden der Registrierungsdaten werden diese von CyberCompare auf Vollst\u00e4ndigkeit und Plausibilit\u00e4t gepr\u00fcft. Die Best\u00e4tigung durch CyberCompare erfolgt per E-Mail mit einem Weblink, der vom Kunden zur Best\u00e4tigung angeklickt werden muss. Mit der Best\u00e4tigung ist der Kunde berechtigt, die Messe-Services nach Ma\u00dfgabe dieser Nutzungsbedingungen zu nutzen.<\/p><p>2.4 Die folgenden gesetzlichen Regelungen zu den allgemeinen Pflichten im elektronischen Gesch\u00e4ftsverkehr finden f\u00fcr den Zugang zu und die Nutzung der Messe-Services keine Anwendung: a) Zurverf\u00fcgungstellung angemessener, wirksamer und zug\u00e4nglicher technischer Ma\u00dfnahmen, mit deren Hilfe der Kunde Eingabefehler vor Abgabe seiner Bestellung erkennen und berichtigen kann gem\u00e4\u00df \u00a7 312i Abs. 1 S. 1 Nr. 1 BGB; b) die klare und verst\u00e4ndliche Mitteilung der in Artikel 246c des Einf\u00fchrungsgesetzes zum B\u00fcrgerlichen Gesetzbuch bestimmten Informationen rechtzeitig vor Abgabe einer Bestellung, \u00a7 312i Abs. 1 S. 1 Nr. 2 BGB; und c) die unverz\u00fcgliche Best\u00e4tigung \u00fcber den Zugang der Bestellung des Kunden auf elektronischem Wege, \u00a7 312i Abs. 1 S. 1 Nr. 3 BGB.<\/p><p>2.5 Alle Benachrichtigungen werden in elektronischer Form an die mit der Registrierung verbundene E-Mail-Adresse gesendet.<\/p><p>2.6 Der Kunde haftet f\u00fcr alle Aktivit\u00e4ten, die unter den Registrierungsdaten des Kunden durchgef\u00fchrt werden.<\/p><h5><strong>3. Nutzungsrechte <\/strong><\/h5><p>3.1 CyberCompare gew\u00e4hrt dem Kunden das einfache, nicht ausschlie\u00dfliche, widerrufliche, nicht \u00fcbertragbare und nicht unterlizenzierbare Recht, auf die Messe-Services zuzugreifen und diese ausschlie\u00dflich in \u00dcbereinstimmung mit diesen Nutzungsbedingungen zu nutzen.<\/p><p>3.2 Die von CyberCompare im Rahmen der Messe-Services zur Verf\u00fcgung gestellten Inhalte und Informationen enthalten urheberrechtlich gesch\u00fctzte Informationen und Inhalte. Diese d\u00fcrfen nicht f\u00fcr andere Zwecke als f\u00fcr die Durchf\u00fchrung der Messe-Services und die Erweiterung des Wissens des Kunden verwendet werden. Der Kunde erwirbt zu diesem Zweck ein nicht ausschlie\u00dfliches, nicht \u00fcbertragbares Nutzungsrecht. Insbesondere ist es nicht gestattet, ohne schriftliche Zustimmung von CyberCompare weitere Kopien der Informationen und Inhalte anzufertigen, zu bearbeiten, an Dritte weiterzugeben oder \u00f6ffentlich wiederzugeben. Der Kunde darf Urheberrechtsvermerke, Marken, digitale Wasserzeichen und sonstige Rechtsvorbehalte an Informationen und Inhalten nicht entfernen.<\/p><p>3.3 Wenn der Kunde gegen eine der Bestimmungen dieses Abschnitts 3 verst\u00f6\u00dft, ist CyberCompare berechtigt und beh\u00e4lt sich das Recht vor, den Zugang des Kunden zu den Messe-Services zu sperren.<\/p><h5><strong>4. Verpflichtungen des Kunden<\/strong><\/h5><p>Der Zugang und die Nutzung der Messe-Services durch den Kunden m\u00fcssen allen geltenden Gesetzen entsprechen, einschlie\u00dflich Urheberrechts- oder Markengesetze, Kartell- und Wettbewerbsgesetze, Exportkontrollgesetze, Datenschutzgesetze oder andere Gesetze in der jeweils anwendbaren Rechtsordnung und d\u00fcrfen nicht im Widerspruch zu einer Vereinbarung stehen, die der Kunde mit einem Dritten unterzeichnet hat. Der Kunde ist daf\u00fcr verantwortlich, dass sein Zugang und die Nutzung der Messe-Services in \u00dcbereinstimmung mit den jeweils anwendbaren Gesetzen und Vorschriften erfolgt.<\/p><h5><strong>5. Verg\u00fctung<\/strong><\/h5><p>Die Messe-Services werden unentgeltlich zur Verf\u00fcgung gestellt.<\/p><h5><strong>6. Gew\u00e4hrleistung<\/strong><\/h5><p>6.1 Da die Messe-Services unentgeltlich zur Verf\u00fcgung gestellt werden, \u00fcbernimmt CyberCompare keine Gew\u00e4hrleistung f\u00fcr Sach- und\/oder Rechtsm\u00e4ngel, au\u00dfer in F\u00e4llen, in denen CyberCompare den jeweiligen Sach- und\/oder Rechtsmangel arglistig verschwiegen hat.<\/p><p>6.2 CyberCompare \u00fcbernimmt keine Gew\u00e4hrleistung daf\u00fcr, dass der Zugang und die Nutzung der Messe-Services nicht durch Ausfallzeiten, Wartungsarbeiten oder St\u00f6rungen beeintr\u00e4chtigt werden. CyberCompare wird sich im Rahmen des Zumutbaren bem\u00fchen, die Messe-Services so benutzerfreundlich wie m\u00f6glich zu gestalten. Technische St\u00f6rungen (z.B. Unterbrechung der Stromversorgung, Hard- und Softwarefehler, technische Probleme in den Datenleitungen) k\u00f6nnen jedoch zu vor\u00fcbergehenden Einschr\u00e4nkungen oder Unterbrechungen f\u00fchren.<\/p><h5><strong>7. Haftung<\/strong><\/h5><p>7.1 Da die Messe-Services unentgeltlich zur Verf\u00fcgung gestellt werden, \u00fcbernimmt CyberCompare keine Haftung f\u00fcr Sch\u00e4den, die aus der Nutzung der Messe-Services entstehen, au\u00dfer in F\u00e4llen von grober Fahrl\u00e4ssigkeit oder Vorsatz. Die Haftung f\u00fcr Sch\u00e4den nach dem deutschen Produkthaftungsgesetz wird hierdurch nicht ausgeschlossen.<\/p><p>7.2 Die vorstehenden Haftungsbeschr\u00e4nkungen gelten auch im Falle des Verschuldens eines Erf\u00fcllungsgehilfen von CyberCompare sowie f\u00fcr die pers\u00f6nliche Haftung von Arbeitnehmern, Vertretern und Organen von CyberCompare.<\/p><h5><strong>8. Freistellung<\/strong><\/h5><p>8.1 Der Kunde ist verpflichtet, CyberCompare von s\u00e4mtlichen Anspr\u00fcchen Dritter freizustellen, die im Zusammenhang mit einem Versto\u00df gegen diese Nutzungsbedingungen oder einer Verletzung geltender Gesetze oder Vorschriften durch den Kunden stehen, es sei denn, der Kunde hat den Anspruch nicht zu vertreten. CyberCompare wird den Kunden unverz\u00fcglich benachrichtigen und ihm die Verteidigung gegen diese Anspr\u00fcche \u00fcberlassen. CyberCompare wird den Kunden dabei in angemessenem Umfang unterst\u00fctzen.<\/p><h5><strong>9. Laufzeit und Beendigung<\/strong><\/h5><p>9.1 Die Laufzeit dieser Nutzungsbedingungen beginnt mit dem Datum der Registrierung und bleibt bis zur Beendigung der Messe-Services in Kraft, sofern sie nicht vorher von CyberCompare oder vom Kunden gek\u00fcndigt werden.<\/p><p>9.2 Der Kunde und CyberCompare k\u00f6nnen diese Nutzungsbedingungen jederzeit aus beliebigen Gr\u00fcnden k\u00fcndigen und alle Messe-Services abbestellen.<\/p><p>9.3 Mit dem Zeitpunkt des Wirksamwerdens der K\u00fcndigung enden alle Berechtigungen des Kunden nach diesen Nutzungsbedingungen.<\/p><h5><strong>10. Datenschutz<\/strong><\/h5><p>10.1 CyberCompare h\u00e4lt sich bei der Verarbeitung personenbezogener Daten an die gesetzlichen Bestimmungen zum Datenschutz. Die Einzelheiten zu den erhobenen Daten und ihrer jeweiligen Verarbeitung finden Sie in der CyberCompare-Datenschutzerkl\u00e4rung.<\/p><h5><strong>11. \u00c4nderungen<\/strong><\/h5><p>11.1 CyberCompare hat jederzeit das Recht, die Messe-Services zu \u00e4ndern und die Bereitstellung der Messe-Services einzustellen.<\/p><p>11.2 CyberCompare ist insbesondere berechtigt, notwendige inhaltliche, methodische und organisatorische \u00c4nderungen oder Abweichungen vor oder w\u00e4hrend der Durchf\u00fchrung der Messe-Services vorzunehmen. Aus Gr\u00fcnden, die CyberCompare nicht zu vertreten hat, wie z.B. Krankheit des Referenten, hat CyberCompare das Recht, einzelne Messe-Services oder Teile davon abzusagen oder zu verschieben.<\/p><p>11.3 CyberCompare beh\u00e4lt sich das Recht vor, im Rahmen des Zumutbaren und unter Ber\u00fccksichtigung der berechtigten Kundeninteressen die Nutzungsbedingungen zu \u00e4ndern, wenn dies zur Anpassung an technische Erfordernisse, Gesetzes\u00e4nderungen oder Weiterentwicklungen erforderlich ist. \u00c4nderungen werden nur vorgenommen, wenn das Interesse von CyberCompare an der \u00c4nderung \u00fcberwiegt.<\/p><h5><strong>12. Anwendbares Recht und Gerichtsstand<\/strong><\/h5><p>12.1 Die vertraglichen Beziehungen zwischen den Parteien unterliegen dem Recht der Bundesrepublik Deutschland. Die Geltung des UN-\u00dcbereinkommens \u00fcber Vertr\u00e4ge \u00fcber den internationalen Warenkauf (CISG) ist ausgeschlossen.<\/p><p>12.2 Ausschlie\u00dflicher Gerichtsstand f\u00fcr alle Rechtsstreitigkeiten aus oder im Zusammenhang mit diesen Nutzungsbedingungen ist Stuttgart, Deutschland.<\/p><h5><strong>13. Sonstiges<\/strong><\/h5><p>13.1 Vertragliche Erkl\u00e4rungen und Anzeigen, die nach Vertragsschluss vom Kunden abzugeben sind (z.B. Fristsetzungen, M\u00e4ngelanzeigen oder K\u00fcndigung), bed\u00fcrfen zu ihrer Wirksamkeit der Textform (z.B. eMail, Brief).<\/p><p>13.2 Der Kunde ist nicht berechtigt, seine Verpflichtungen ganz oder teilweise ohne vorherige schriftliche Zustimmung von CyberCompare, die nicht unbillig verweigert werden darf, abzutreten.<\/p><p>13.3 Sollte eine Bestimmung dieser Nutzungsbedingungen unwirksam oder undurchf\u00fchrbar sein oder werden, so bleiben die \u00fcbrigen Bestimmungen davon unber\u00fchrt.<\/p><p><strong>grow platform GmbH<\/strong><\/p><\/div><\/article>\t\t\t\t\t\t\t\t<\/div>\n\t\t\t\t<\/div>\n\t\t\t\t\t<\/div>\n\t\t\t\t<\/div>\n\t\t\t\t<\/div>\n\t\t","protected":false},"excerpt":{"rendered":"<p>Zuletzt ge\u00e4ndert: 15.05.2023 Diese Nutzungsbedingungen f\u00fcr die Teilnahme an einer Online-Messe (\u201eNutzungsbedingungen\u201c) regeln ausschlie\u00dflich die [&hellip;]<\/p>\n","protected":false},"author":24,"featured_media":4495,"parent":0,"menu_order":0,"comment_status":"closed","ping_status":"closed","template":"","meta":{"site-sidebar-layout":"no-sidebar","site-content-layout":"page-builder","ast-site-content-layout":"full-width-container","site-content-style":"default","site-sidebar-style":"default","ast-global-header-display":"","ast-banner-title-visibility":"","ast-main-header-display":"","ast-hfb-above-header-display":"","ast-hfb-below-header-display":"","ast-hfb-mobile-header-display":"","site-post-title":"disabled","ast-breadcrumbs-content":"","ast-featured-img":"disabled","footer-sml-layout":"","theme-transparent-header-meta":"","adv-header-id-meta":"","stick-header-meta":"","header-above-stick-meta":"","header-main-stick-meta":"","header-below-stick-meta":"","astra-migrate-meta-layouts":"set","ast-page-background-enabled":"default","ast-page-background-meta":{"desktop":{"background-color":"","background-image":"","background-repeat":"repeat","background-position":"center center","background-size":"auto","background-attachment":"scroll","background-type":"","background-media":"","overlay-type":"","overlay-color":"","overlay-opacity":"","overlay-gradient":""},"tablet":{"background-color":"","background-image":"","background-repeat":"repeat","background-position":"center center","background-size":"auto","background-attachment":"scroll","background-type":"","background-media":"","overlay-type":"","overlay-color":"","overlay-opacity":"","overlay-gradient":""},"mobile":{"background-color":"","background-image":"","background-repeat":"repeat","background-position":"center center","background-size":"auto","background-attachment":"scroll","background-type":"","background-media":"","overlay-type":"","overlay-color":"","overlay-opacity":"","overlay-gradient":""}},"ast-content-background-meta":{"desktop":{"background-color":"var(--ast-global-color-5)","background-image":"","background-repeat":"repeat","background-position":"center center","background-size":"auto","background-attachment":"scroll","background-type":"","background-media":"","overlay-type":"","overlay-color":"","overlay-opacity":"","overlay-gradient":""},"tablet":{"background-color":"var(--ast-global-color-5)","background-image":"","background-repeat":"repeat","background-position":"center center","background-size":"auto","background-attachment":"scroll","background-type":"","background-media":"","overlay-type":"","overlay-color":"","overlay-opacity":"","overlay-gradient":""},"mobile":{"background-color":"var(--ast-global-color-5)","background-image":"","background-repeat":"repeat","background-position":"center center","background-size":"auto","background-attachment":"scroll","background-type":"","background-media":"","overlay-type":"","overlay-color":"","overlay-opacity":"","overlay-gradient":""}},"footnotes":""},"class_list":["post-6944","page","type-page","status-publish","has-post-thumbnail","hentry"],"_links":{"self":[{"href":"https:\/\/cybercompare.com\/de\/wp-json\/wp\/v2\/pages\/6944","targetHints":{"allow":["GET"]}}],"collection":[{"href":"https:\/\/cybercompare.com\/de\/wp-json\/wp\/v2\/pages"}],"about":[{"href":"https:\/\/cybercompare.com\/de\/wp-json\/wp\/v2\/types\/page"}],"author":[{"embeddable":true,"href":"https:\/\/cybercompare.com\/de\/wp-json\/wp\/v2\/users\/24"}],"replies":[{"embeddable":true,"href":"https:\/\/cybercompare.com\/de\/wp-json\/wp\/v2\/comments?post=6944"}],"version-history":[{"count":12,"href":"https:\/\/cybercompare.com\/de\/wp-json\/wp\/v2\/pages\/6944\/revisions"}],"predecessor-version":[{"id":24798,"href":"https:\/\/cybercompare.com\/de\/wp-json\/wp\/v2\/pages\/6944\/revisions\/24798"}],"wp:featuredmedia":[{"embeddable":true,"href":"https:\/\/cybercompare.com\/de\/wp-json\/wp\/v2\/media\/4495"}],"wp:attachment":[{"href":"https:\/\/cybercompare.com\/de\/wp-json\/wp\/v2\/media?parent=6944"}],"curies":[{"name":"wp","href":"https:\/\/api.w.org\/{rel}","templated":true}]}}