{"id":2860,"date":"2023-07-18T14:10:16","date_gmt":"2023-07-18T14:10:16","guid":{"rendered":"https:\/\/cybercompare.com\/rechtliche-informationen\/"},"modified":"2025-07-30T13:54:39","modified_gmt":"2025-07-30T13:54:39","slug":"rechtliche-informationen","status":"publish","type":"page","link":"https:\/\/cybercompare.com\/de\/rechtliche-informationen\/","title":{"rendered":"Rechtliche Informationen"},"content":{"rendered":"\t\t<div data-elementor-type=\"wp-page\" data-elementor-id=\"2860\" class=\"elementor elementor-2860 elementor-1216\" data-elementor-post-type=\"page\">\n\t\t\t\t<div class=\"elementor-element elementor-element-6866ecbf e-flex e-con-boxed e-con e-parent\" data-id=\"6866ecbf\" data-element_type=\"container\" data-e-type=\"container\" data-settings=\"{&quot;background_background&quot;:&quot;classic&quot;,&quot;jet_parallax_layout_list&quot;:[]}\">\n\t\t\t\t\t<div class=\"e-con-inner\">\n\t\t<div class=\"elementor-element elementor-element-13746d6f e-con-full e-flex e-con e-child\" data-id=\"13746d6f\" data-element_type=\"container\" data-e-type=\"container\" data-settings=\"{&quot;jet_parallax_layout_list&quot;:[]}\">\n\t\t\t\t<div class=\"elementor-element elementor-element-5a7c5916 elementor-widget elementor-widget-heading\" data-id=\"5a7c5916\" data-element_type=\"widget\" data-e-type=\"widget\" data-widget_type=\"heading.default\">\n\t\t\t\t<div class=\"elementor-widget-container\">\n\t\t\t\t\t<h1 class=\"elementor-heading-title elementor-size-default\">Rechtliche Informationen<\/h1>\t\t\t\t<\/div>\n\t\t\t\t<\/div>\n\t\t\t\t<\/div>\n\t\t\t\t\t<\/div>\n\t\t\t\t<\/div>\n\t\t\t\t<section class=\"elementor-section elementor-top-section elementor-element elementor-element-19b6ab93 elementor-section-boxed elementor-section-height-default elementor-section-height-default\" data-id=\"19b6ab93\" data-element_type=\"section\" data-e-type=\"section\" data-settings=\"{&quot;jet_parallax_layout_list&quot;:[]}\">\n\t\t\t\t\t\t<div class=\"elementor-container elementor-column-gap-no\">\n\t\t\t\t\t<div class=\"elementor-column elementor-col-100 elementor-top-column elementor-element elementor-element-40e3aaca\" data-id=\"40e3aaca\" data-element_type=\"column\" data-e-type=\"column\">\n\t\t\t<div class=\"elementor-widget-wrap elementor-element-populated\">\n\t\t\t\t\t\t<div class=\"elementor-element elementor-element-59948ed elementor-widget__width-initial elementor-widget-mobile__width-inherit elementor-widget elementor-widget-text-editor\" data-id=\"59948ed\" data-element_type=\"widget\" data-e-type=\"widget\" data-widget_type=\"text-editor.default\">\n\t\t\t\t<div class=\"elementor-widget-container\">\n\t\t\t\t\t\t\t\t\t<p><strong>\u00a9 Copyright<\/strong><\/p>\n<p>Alle Rechte vorbehalten. Text, Bilder, Grafiken, Sound, Animationen und Videos sowie deren Anordnung auf Bosch-Websites unterliegen dem Schutz des Urheberrechts und anderer Schutzgesetze. Der Inhalt dieser Websites darf nicht zu kommerziellen Zwecken kopiert, verbreitet, ver\u00e4ndert oder Dritten zug\u00e4nglich gemacht werden. Einige Bosch-Websites enthalten au\u00dferdem Bilder, die dem Copyright Dritter unterliegen.<\/p>\n<p><strong>Markenverzeichnis<\/strong><\/p>\n<p>Soweit nicht anders angegeben, sind alle Markenzeichen auf Bosch-Websites markenrechtlich gesch\u00fctzt. Dies gilt insbesondere f\u00fcr Bosch-Marken, Typenschilder, Firmenlogos und Embleme. Die auf unseren Seiten verwendeten Marken und Gestaltungselemente sind geistiges Eigentum der Robert Bosch GmbH, Deutschland.<\/p>\n<p><strong>Lizenzverzeichnis<\/strong><\/p>\n<p>Das in der Bosch-Website enthaltene geistige Eigentum wie Patente, Marken und Urheberrechte ist gesch\u00fctzt. Durch diese Website wird keine Lizenz zur Nutzung des geistigen Eigentums von Unternehmen der Bosch-Gruppe (Bosch) oder Dritten erteilt.<\/p>\n<p><strong>Streitbeilegung<br \/>\n<\/strong><\/p>\n<p>Wir nehmen nicht an einem Streitbeilegungsverfahren vor einer Verbraucherschlichtungsstelle teil.<\/p>\n\t\t\t\t\t\t\t\t<\/div>\n\t\t\t\t<\/div>\n\t\t\t\t\t<\/div>\n\t\t<\/div>\n\t\t\t\t\t<\/div>\n\t\t<\/section>\n\t\t\t\t<\/div>\n\t\t","protected":false},"excerpt":{"rendered":"<p>\u00a9 Copyright Alle Rechte vorbehalten. Text, Bilder, Grafiken, Sound, Animationen und Videos sowie deren Anordnung [&hellip;]<\/p>\n","protected":false},"author":24,"featured_media":0,"parent":0,"menu_order":0,"comment_status":"closed","ping_status":"closed","template":"","meta":{"site-sidebar-layout":"no-sidebar","site-content-layout":"page-builder","ast-site-content-layout":"full-width-container","site-content-style":"unboxed","site-sidebar-style":"unboxed","ast-global-header-display":"","ast-banner-title-visibility":"","ast-main-header-display":"","ast-hfb-above-header-display":"","ast-hfb-below-header-display":"","ast-hfb-mobile-header-display":"","site-post-title":"disabled","ast-breadcrumbs-content":"","ast-featured-img":"disabled","footer-sml-layout":"","theme-transparent-header-meta":"","adv-header-id-meta":"","stick-header-meta":"","header-above-stick-meta":"","header-main-stick-meta":"","header-below-stick-meta":"","astra-migrate-meta-layouts":"default","ast-page-background-enabled":"default","ast-page-background-meta":{"desktop":{"background-color":"","background-image":"","background-repeat":"repeat","background-position":"center center","background-size":"auto","background-attachment":"scroll","background-type":"","background-media":"","overlay-type":"","overlay-color":"","overlay-opacity":"","overlay-gradient":""},"tablet":{"background-color":"","background-image":"","background-repeat":"repeat","background-position":"center center","background-size":"auto","background-attachment":"scroll","background-type":"","background-media":"","overlay-type":"","overlay-color":"","overlay-opacity":"","overlay-gradient":""},"mobile":{"background-color":"","background-image":"","background-repeat":"repeat","background-position":"center center","background-size":"auto","background-attachment":"scroll","background-type":"","background-media":"","overlay-type":"","overlay-color":"","overlay-opacity":"","overlay-gradient":""}},"ast-content-background-meta":{"desktop":{"background-color":"var(--ast-global-color-5)","background-image":"","background-repeat":"repeat","background-position":"center center","background-size":"auto","background-attachment":"scroll","background-type":"","background-media":"","overlay-type":"","overlay-color":"","overlay-opacity":"","overlay-gradient":""},"tablet":{"background-color":"var(--ast-global-color-5)","background-image":"","background-repeat":"repeat","background-position":"center center","background-size":"auto","background-attachment":"scroll","background-type":"","background-media":"","overlay-type":"","overlay-color":"","overlay-opacity":"","overlay-gradient":""},"mobile":{"background-color":"var(--ast-global-color-5)","background-image":"","background-repeat":"repeat","background-position":"center center","background-size":"auto","background-attachment":"scroll","background-type":"","background-media":"","overlay-type":"","overlay-color":"","overlay-opacity":"","overlay-gradient":""}},"footnotes":""},"class_list":["post-2860","page","type-page","status-publish","hentry"],"_links":{"self":[{"href":"https:\/\/cybercompare.com\/de\/wp-json\/wp\/v2\/pages\/2860","targetHints":{"allow":["GET"]}}],"collection":[{"href":"https:\/\/cybercompare.com\/de\/wp-json\/wp\/v2\/pages"}],"about":[{"href":"https:\/\/cybercompare.com\/de\/wp-json\/wp\/v2\/types\/page"}],"author":[{"embeddable":true,"href":"https:\/\/cybercompare.com\/de\/wp-json\/wp\/v2\/users\/24"}],"replies":[{"embeddable":true,"href":"https:\/\/cybercompare.com\/de\/wp-json\/wp\/v2\/comments?post=2860"}],"version-history":[{"count":8,"href":"https:\/\/cybercompare.com\/de\/wp-json\/wp\/v2\/pages\/2860\/revisions"}],"predecessor-version":[{"id":30689,"href":"https:\/\/cybercompare.com\/de\/wp-json\/wp\/v2\/pages\/2860\/revisions\/30689"}],"wp:attachment":[{"href":"https:\/\/cybercompare.com\/de\/wp-json\/wp\/v2\/media?parent=2860"}],"curies":[{"name":"wp","href":"https:\/\/api.w.org\/{rel}","templated":true}]}}