{"id":2854,"date":"2023-07-18T15:28:13","date_gmt":"2023-07-18T15:28:13","guid":{"rendered":"https:\/\/cybercompare.com\/code-of-conduct\/"},"modified":"2024-08-15T13:53:51","modified_gmt":"2024-08-15T13:53:51","slug":"code-of-conduct","status":"publish","type":"page","link":"https:\/\/cybercompare.com\/de\/code-of-conduct\/","title":{"rendered":"Code of Conduct"},"content":{"rendered":"\t\t<div data-elementor-type=\"wp-page\" data-elementor-id=\"2854\" class=\"elementor elementor-2854 elementor-1258\" data-elementor-post-type=\"page\">\n\t\t\t\t<div class=\"elementor-element elementor-element-e046cc5 e-flex e-con-boxed e-con e-parent\" data-id=\"e046cc5\" data-element_type=\"container\" data-e-type=\"container\" data-settings=\"{&quot;background_background&quot;:&quot;classic&quot;,&quot;jet_parallax_layout_list&quot;:[]}\">\n\t\t\t\t\t<div class=\"e-con-inner\">\n\t\t<div class=\"elementor-element elementor-element-458ceb56 e-con-full e-flex e-con e-child\" data-id=\"458ceb56\" data-element_type=\"container\" data-e-type=\"container\" data-settings=\"{&quot;jet_parallax_layout_list&quot;:[]}\">\n\t\t\t\t<div class=\"elementor-element elementor-element-11e57c81 elementor-widget elementor-widget-heading\" data-id=\"11e57c81\" data-element_type=\"widget\" data-e-type=\"widget\" data-widget_type=\"heading.default\">\n\t\t\t\t<div class=\"elementor-widget-container\">\n\t\t\t\t\t<h1 class=\"elementor-heading-title elementor-size-default\">Code of Conduct<\/h1>\t\t\t\t<\/div>\n\t\t\t\t<\/div>\n\t\t\t\t<\/div>\n\t\t\t\t\t<\/div>\n\t\t\t\t<\/div>\n\t\t\t\t<section class=\"elementor-section elementor-top-section elementor-element elementor-element-5f274089 elementor-section-boxed elementor-section-height-default elementor-section-height-default\" data-id=\"5f274089\" data-element_type=\"section\" data-e-type=\"section\" data-settings=\"{&quot;jet_parallax_layout_list&quot;:[]}\">\n\t\t\t\t\t\t<div class=\"elementor-container elementor-column-gap-no\">\n\t\t\t\t\t<div class=\"elementor-column elementor-col-100 elementor-top-column elementor-element elementor-element-35315fd2\" data-id=\"35315fd2\" data-element_type=\"column\" data-e-type=\"column\">\n\t\t\t<div class=\"elementor-widget-wrap elementor-element-populated\">\n\t\t\t\t\t\t<div class=\"elementor-element elementor-element-2462a3cd elementor-widget__width-initial elementor-widget-mobile__width-inherit elementor-widget elementor-widget-text-editor\" data-id=\"2462a3cd\" data-element_type=\"widget\" data-e-type=\"widget\" data-widget_type=\"text-editor.default\">\n\t\t\t\t<div class=\"elementor-widget-container\">\n\t\t\t\t\t\t\t\t\t<h4 class=\"wp-block-heading\">Zusammenfassung<\/h4>\n<p><strong>Transparent<\/strong>: Von Ihrem Cybersecurity-Wunschkandidaten bis zu Hidden Champions \u2013 wir kennen die F\u00e4higkeiten und Preise<\/p>\n<p><strong>Anonymisiert<\/strong>: Ausschreibung unter Bosch Marke, um sensible Informationen zu sch\u00fctzen und attraktive Konditionen zu erhalten<\/p>\n<p><strong>Individualisiert &amp; Effizient<\/strong>: Passende L\u00f6sungen zu Ihrem spezifischen Anforderungsprofil. Dabei schonen wir Ihre Ressourcen<\/p>\n<p><strong>Unabh\u00e4ngig &amp; Vertrauensw\u00fcrdig<\/strong>: 100% im Kundenauftrag und nur gepr\u00fcfte Anbieter<\/p>\n<p><strong>Langj\u00e4hrige Expertise:<\/strong> Erfahrungen aus der Absicherung von &gt;240 Bosch-Werken und &gt;400 Standorten<\/p>\n<h5 id=\"Introduction\" class=\"wp-block-heading\">CyberCompare, A Bosch Business: Die Wissens- und Vermittlungsplattform f\u00fcr Cybersecurity<\/h5>\n<p><strong>Das Gesch\u00e4ftsmodell: <\/strong>CyberCompare, A Bosch Business ist eine Wissens- und Vermittlungsplattform f\u00fcr Cybersecurity. Basierend auf dem individuellen Cyberrisiko-Anforderungsprofil unserer Kunden vollziehen wir anonymisierte Ausschreibungen und stellen unseren Kunden eine Liste mit passenden und gepr\u00fcften Anbieterprofilen f\u00fcr alle Cyber-Sicherheits-relevanten Themen zur Verf\u00fcgung. Dar\u00fcber hinaus unterst\u00fctzen wir unsere Kunden von der Selektion \u00fcber die Vertragsabwicklung bis zur abschlie\u00dfenden Bewertung. <\/p>\n<p><strong>Warum?<\/strong> IT-Abteilungen sind heute in nahezu allen Unternehmen \u00fcberlastet. Denn fast alle relevanten Projekte in Unternehmen (\u201eDigitalisierung\u201c, \u201eTransformation\u201c) haben heutzutage Schnittstellen zur IT. CyberCompare hilft IT-Entscheidern dabei, ressourcenschonend L\u00f6sungen und Beratungen f\u00fcr IT-, OT- und IoT-Security auszuw\u00e4hlen. Denn wir k\u00f6nnen vergleichbare Spezifikationen wiederverwenden und die Anforderungsaufnahme standardisieren. Wir arbeiten dabei 100% unabh\u00e4ngig von Anbietern immer im Kundenauftrag.<\/p>\n<p>Daf\u00fcr bieten wir verschiedene <strong>Verg\u00fctungsmodelle<\/strong> an \u2013 je nach Kundenpr\u00e4ferenz. In den meisten F\u00e4llen ist unser Service f\u00fcr unsere Kunden kostenlos. Nichtsdestotrotz steckt hinter dem Vermittlungsservice Know How und Arbeit unseres Teams, welche finanziert werden muss. Dies stellen wir sicher, indem wir bei der erfolgreichen Vermittlung eine markt\u00fcbliche Verg\u00fctung vom ausgew\u00e4hlten Anbieter erhalten. In anderen F\u00e4llen beauftragen uns unsere Kunden mit einer Honorarvereinbarung, um die Ausschreibung durchzuf\u00fchren.<\/p>\n<p>F\u00fcr CyberCompare steht dabei Objektivit\u00e4t, Unabh\u00e4ngigkeit und Transparenz an oberster Stelle. Daher richtet sich CyberCompare nach 6 Schl\u00fcsselprinzipien, an denen wir uns in jedem Schritt unserer Arbeit orientieren. Mehr zu den Schl\u00fcsselprinzipien sowie der Umsetzung durch CyberCompare unten.<\/p>\n<p><strong>Vorteile f\u00fcr Kunden:<\/strong> CyberCompare verschafft seinen Kunden in individuellen Marktstudien zu diversen Cyber-Sicherheitsdienstleistungen einen transparenten und neutralen \u00dcberblick \u00fcber Anbieter im Markt und relevante Bewertungskriterien. Damit bietet CyberCompare seinen Kunden die n\u00f6tige Orientierung im stark fragmentierten Anbietermarkt (mehr als 7000 Anbieter weltweit). Wir haben keine exklusiven Vereinbarungen mit Anbietern und k\u00f6nnen in allen Ausschreibungen Wunschkandidaten des Kunden aufnehmen. Basierend auf dem Anforderungsprofil der Kunden vollzieht CyberCompare au\u00dferdem anonymisierte Ausschreibungen und stellt seinen Kunden eine Liste mit passenden und gepr\u00fcften Anbieterprofilen f\u00fcr alle Cyber-Sicherheits-relevanten Themen zur Verf\u00fcgung. W\u00e4hrend des gesamten Prozesses ist CyberCompare zu jeder Zeit vollst\u00e4ndig transparent und objektiv \u00fcber Bewertungsma\u00dfst\u00e4be und das gew\u00e4hlte Vorgehen. Dabei empfiehlt CyberCompare immer mehrere Anbieter f\u00fcr die angefragte Leistung, um Ausschreibungsvorgaben einzuhalten. Durch die Einfachheit der Vermittlungen und des optionalen Vertragsabschlusses sparen Kunden Zeit und nutzen ihr Budget optimal.<\/p>\n<p><strong>Transparente Marktabdeckung<\/strong>: Es liegt in unserem Unternehmensinteresse, den Anbietermarkt so vollst\u00e4ndig wie m\u00f6glich abzubilden. Eine breite Angebotsvielfalt macht CyberCompare als Vermittlungsplattform bei unseren Kunden erst glaubw\u00fcrdig. Dabei bieten wir unseren Kunden bei der Selektion und Bewertung der Anbieter immer einen transparenten \u00dcberblick \u00fcber<\/p>\n<p>\u2013 Alle betrachteten Anbieter<\/p>\n<p>\u2013 Die verschiedenen Leistungen und Preise der von uns priorisierten Anbieter<\/p>\n<p>Somit k\u00f6nnen Kunden jederzeit vollst\u00e4ndig einsehen, auf welcher Bewertungsgrundlage und aus welchem Anbieterpool die priorisierten Anbieter gew\u00e4hlt wurden.<\/p>\n<p><strong>Unabh\u00e4ngigkeit und Objektivit\u00e4t:<\/strong>CyberCompare, A Bosch Business ist zu 100% in der Hand der Robert Bosch Gruppe. Beteiligungen von Anbietern, deren Produkte und Leistungen wir zur Vermittlung anbieten, gibt es nicht. Das sichert uns eine absolute Neutralit\u00e4t und Objektivit\u00e4t. Wir vermitteln unabh\u00e4ngig und transparent. Zudem streben wir ein einheitliches Verg\u00fctungsmodell mit allen Anbietern an.<\/p>\n<h5 id=\"presentation-of-assessments\" class=\"wp-block-heading\">Vorstellung der qualitativen und quantitativen Bewertung<\/h5>\n<p><strong>Ranking<\/strong>: Die Darstellung der verschiedenen Leistungen und Produkte der Anbieter erfolgt nach Einsch\u00e4tzung unserer Fachexperten und regelbasiert (streng mathematische Regeln sind nat\u00fcrlich meistens nicht m\u00f6glich). Angebote werden dabei immer entlang verschiedenster Dimensionen qualitativ bewertet \u2013 unter anderem Preis, Leistungsmerkmale, Verf\u00fcgbarkeit, Referenzen. Die Bewertungskriterien sowie allgemeine Informationen \u00fcber spezifisch verwendete Methoden, sofern diese relevant sind, werden dabei immer klar und deutlich sichtbar angezeigt. So k\u00f6nnen unsere Kunden vollst\u00e4ndig nachvollziehen, auf welcher Grundlage unsere Priorisierungen und Bewertungen getroffen wurden. Wenn die verglichenen Dienstleistungen der Anbieter nicht identisch sind, kennzeichnen wir Unterschiede eindeutig. Wir stellen bei unseren Vergleichen alle relevanten Leistungsmerkmale dar und erl\u00e4utern diese. Alle Angebote eines Markts werden nach einheitlichen Kriterien verglichen.<\/p>\n<p><strong>Vertrauensw\u00fcrdigkeit<\/strong>: Wir schlagen nur gepr\u00fcfte Anbieter vor, sind aber nie exklusiv gebunden und k\u00f6nnen daher auch Wunschkandidaten des Kunden aufnehmen. Dazu nutzen wir hausinterne Experten und R\u00fcckmeldungen von Kunden nach Projektabschluss. Referenzen zu unseren Anbietern durch vorherige Vermittlungen stellen wir unseren Kunden anonymisiert zur Verf\u00fcgung.<\/p>\n<p><strong>Fairer Wettbewerb<\/strong>: Vermittlungen demokratisieren den Wettbewerb \u2013 f\u00fcr die Kunden sowie f\u00fcr die Anbieter. Denn bei Vermittlungsplattformen wie CyberCompare punkten Anbieter durch gute Leistungen und Produkte statt mit reiner Markenprominenz oder den niedrigsten Tagess\u00e4tzen. Die meisten unserer Kunden haben passende Angebote von Anbietern gefunden, die sie vorher nicht kannten. Oft gelangen Kunden auch einfach in eine bessere Verhandlungsposition \u00fcber qualifizierte Alternativen.<\/p>\n<h5 id=\"business-model\" class=\"wp-block-heading\">Transparenz des Gesch\u00e4ftsmodells<\/h5>\n<p>Als Vermittlungsplattform sind wir vollst\u00e4ndig transparent in Hinblick auf unser Gesch\u00e4fts- und Finanzierungsmodell. Dies umfasst jegliche Eigent\u00fcmer, Anteilseigner, sowie relevante Verbindungen zu Anbietern der aufgef\u00fchrten Produkte und Dienstleistungen. Wir informieren au\u00dferdem unsere Kunden dar\u00fcber, wie wir uns finanzieren. Dies beinhaltet zum einen unsere Direkt-Einnahmen aus unseren Diagnostiken, sowie die Vermittlungsverg\u00fctungen, die wir von den Anbietern im Falle einer erfolgreichen Vermittlung erhalten. Diese Einnahmequellen weisen wir unmittelbar auf der Startseite von CyberCompare aus. CyberCompare weist zudem auf allen weiteren Seiten auf den Status als Vermittlungsplattform hin.<\/p>\n<p>Die Vermittlung f\u00fchrt f\u00fcr Kunden zu keinen Mehrkosten, da Anbieter \u00fcber CyberCompare einen deutlich effizienteren Vertriebskanal als bisher nutzen k\u00f6nnen. CyberCompare stellt \u00fcber Vereinbarungen mit Anbietern sicher, dass diese Einsparungen an Kunden weitergereicht werden. Eine direkte Anfrage bei Anbietern (bei identischer Spezifikation) ist daher nicht g\u00fcnstiger als der Weg \u00fcber CyberCompare. Stellen Sie uns dazu gerne auf die Probe! <\/p>\n\t\t\t\t\t\t\t\t<\/div>\n\t\t\t\t<\/div>\n\t\t\t\t\t<\/div>\n\t\t<\/div>\n\t\t\t\t\t<\/div>\n\t\t<\/section>\n\t\t\t\t<\/div>\n\t\t","protected":false},"excerpt":{"rendered":"<p>Zusammenfassung Transparent: Von Ihrem Cybersecurity-Wunschkandidaten bis zu Hidden Champions \u2013 wir kennen die F\u00e4higkeiten und [&hellip;]<\/p>\n","protected":false},"author":24,"featured_media":0,"parent":0,"menu_order":0,"comment_status":"closed","ping_status":"closed","template":"","meta":{"site-sidebar-layout":"no-sidebar","site-content-layout":"page-builder","ast-site-content-layout":"full-width-container","site-content-style":"unboxed","site-sidebar-style":"unboxed","ast-global-header-display":"","ast-banner-title-visibility":"","ast-main-header-display":"","ast-hfb-above-header-display":"","ast-hfb-below-header-display":"","ast-hfb-mobile-header-display":"","site-post-title":"disabled","ast-breadcrumbs-content":"","ast-featured-img":"disabled","footer-sml-layout":"","theme-transparent-header-meta":"","adv-header-id-meta":"","stick-header-meta":"","header-above-stick-meta":"","header-main-stick-meta":"","header-below-stick-meta":"","astra-migrate-meta-layouts":"default","ast-page-background-enabled":"default","ast-page-background-meta":{"desktop":{"background-color":"","background-image":"","background-repeat":"repeat","background-position":"center center","background-size":"auto","background-attachment":"scroll","background-type":"","background-media":"","overlay-type":"","overlay-color":"","overlay-opacity":"","overlay-gradient":""},"tablet":{"background-color":"","background-image":"","background-repeat":"repeat","background-position":"center center","background-size":"auto","background-attachment":"scroll","background-type":"","background-media":"","overlay-type":"","overlay-color":"","overlay-opacity":"","overlay-gradient":""},"mobile":{"background-color":"","background-image":"","background-repeat":"repeat","background-position":"center center","background-size":"auto","background-attachment":"scroll","background-type":"","background-media":"","overlay-type":"","overlay-color":"","overlay-opacity":"","overlay-gradient":""}},"ast-content-background-meta":{"desktop":{"background-color":"var(--ast-global-color-5)","background-image":"","background-repeat":"repeat","background-position":"center center","background-size":"auto","background-attachment":"scroll","background-type":"","background-media":"","overlay-type":"","overlay-color":"","overlay-opacity":"","overlay-gradient":""},"tablet":{"background-color":"var(--ast-global-color-5)","background-image":"","background-repeat":"repeat","background-position":"center center","background-size":"auto","background-attachment":"scroll","background-type":"","background-media":"","overlay-type":"","overlay-color":"","overlay-opacity":"","overlay-gradient":""},"mobile":{"background-color":"var(--ast-global-color-5)","background-image":"","background-repeat":"repeat","background-position":"center center","background-size":"auto","background-attachment":"scroll","background-type":"","background-media":"","overlay-type":"","overlay-color":"","overlay-opacity":"","overlay-gradient":""}},"footnotes":""},"class_list":["post-2854","page","type-page","status-publish","hentry"],"_links":{"self":[{"href":"https:\/\/cybercompare.com\/de\/wp-json\/wp\/v2\/pages\/2854","targetHints":{"allow":["GET"]}}],"collection":[{"href":"https:\/\/cybercompare.com\/de\/wp-json\/wp\/v2\/pages"}],"about":[{"href":"https:\/\/cybercompare.com\/de\/wp-json\/wp\/v2\/types\/page"}],"author":[{"embeddable":true,"href":"https:\/\/cybercompare.com\/de\/wp-json\/wp\/v2\/users\/24"}],"replies":[{"embeddable":true,"href":"https:\/\/cybercompare.com\/de\/wp-json\/wp\/v2\/comments?post=2854"}],"version-history":[{"count":8,"href":"https:\/\/cybercompare.com\/de\/wp-json\/wp\/v2\/pages\/2854\/revisions"}],"predecessor-version":[{"id":11651,"href":"https:\/\/cybercompare.com\/de\/wp-json\/wp\/v2\/pages\/2854\/revisions\/11651"}],"wp:attachment":[{"href":"https:\/\/cybercompare.com\/de\/wp-json\/wp\/v2\/media?parent=2854"}],"curies":[{"name":"wp","href":"https:\/\/api.w.org\/{rel}","templated":true}]}}