{"id":24802,"date":"2024-11-07T09:39:25","date_gmt":"2024-11-07T09:39:25","guid":{"rendered":"https:\/\/cybercompare.com\/?page_id=24802"},"modified":"2025-11-10T18:15:03","modified_gmt":"2025-11-10T18:15:03","slug":"cybercompare-teilnahmebedingungen-events","status":"publish","type":"page","link":"https:\/\/cybercompare.com\/de\/cybercompare-teilnahmebedingungen-events\/","title":{"rendered":"CyberCompare Teilnahmebedinungen"},"content":{"rendered":"\t\t<div data-elementor-type=\"wp-page\" data-elementor-id=\"24802\" class=\"elementor elementor-24802\" data-elementor-post-type=\"page\">\n\t\t\t\t<div class=\"elementor-element elementor-element-57ca0f15 e-flex e-con-boxed e-con e-parent\" data-id=\"57ca0f15\" data-element_type=\"container\" data-e-type=\"container\" data-settings=\"{&quot;background_background&quot;:&quot;classic&quot;,&quot;jet_parallax_layout_list&quot;:[]}\">\n\t\t\t\t\t<div class=\"e-con-inner\">\n\t\t<div class=\"elementor-element elementor-element-124e766d e-con-full e-flex e-con e-child\" data-id=\"124e766d\" data-element_type=\"container\" data-e-type=\"container\" data-settings=\"{&quot;jet_parallax_layout_list&quot;:[]}\">\n\t\t\t\t<div class=\"elementor-element elementor-element-24c98fb elementor-widget elementor-widget-heading\" data-id=\"24c98fb\" data-element_type=\"widget\" data-e-type=\"widget\" data-widget_type=\"heading.default\">\n\t\t\t\t<div class=\"elementor-widget-container\">\n\t\t\t\t\t<h1 class=\"elementor-heading-title elementor-size-default\">CyberCompare Teilnahmebedingungen f\u00fcr virtuelle und Live-Events<\/h1>\t\t\t\t<\/div>\n\t\t\t\t<\/div>\n\t\t\t\t<\/div>\n\t\t\t\t\t<\/div>\n\t\t\t\t<\/div>\n\t\t<div class=\"elementor-element elementor-element-3d143b1 e-flex e-con-boxed e-con e-parent\" data-id=\"3d143b1\" data-element_type=\"container\" data-e-type=\"container\" data-settings=\"{&quot;jet_parallax_layout_list&quot;:[]}\">\n\t\t\t\t\t<div class=\"e-con-inner\">\n\t\t\t\t<div class=\"elementor-element elementor-element-00f19b2 elementor-widget elementor-widget-text-editor\" data-id=\"00f19b2\" data-element_type=\"widget\" data-e-type=\"widget\" data-widget_type=\"text-editor.default\">\n\t\t\t\t<div class=\"elementor-widget-container\">\n\t\t\t\t\t\t\t\t\t<p><em>Zuletzt ge\u00e4ndert: 22.10.2025<\/em><\/p>\n<p>Diese Teilnahmebedingungen regeln die Rechtsbeziehungen zwischen der <strong>Bosch Business Innovations GmbH<\/strong>, Gr\u00f6nerstr. 9, 71636 Ludwigsburg (\u201e<strong>CyberCompare<\/strong>\u201c), und dem Kunden bzw. der vom Kunden vertretenen juristischen Person im Zusammenhang mit der Teilnahme an virtuellen oder physischen Cybersecurity-Events.<\/p>\n<p>CyberCompare richtet die Event-Services ausschlie\u00dflich an gewerbliche Kunden. Verbraucher im Sinne des \u00a7 13 BGB sind von der Teilnahme ausgeschlossen.<\/p>\n<p><strong style=\"font-size: 16px;\">1. Geltungsbereich<\/strong><\/p>\n<p>1.1 CyberCompare erm\u00f6glicht den Zugang zu den Event-Services ausschlie\u00dflich auf Grundlage dieser Teilnahmebedingungen.<\/p>\n<p>1.2 Schlie\u00dft eine nat\u00fcrliche Person diesen Vertrag im Namen einer juristischen Person ab, versichert sie, dass sie \u00fcber die erforderliche Vertretungsbefugnis verf\u00fcgt.<\/p>\n<p>1.3 Abweichende oder entgegenstehende Bedingungen des Kunden finden keine Anwendung, auch wenn CyberCompare diesen nicht ausdr\u00fccklich widerspricht.<\/p>\n<p>1.4 CyberCompare ist berechtigt, sich zur Erbringung der Event-Services Dritter zu bedienen.<\/p>\n<p><strong style=\"font-size: 16px;\">2. Registrierung, Zugang und Kommunikation<\/strong><\/p>\n<p>2.1 F\u00fcr <strong>virtuelle Events<\/strong> (\u00fcber Microsoft Teams) erfolgt die Registrierung \u00fcber das jeweilige Anmeldeformular oder Einladungssystem. F\u00fcr <strong>Live-Events<\/strong> erfolgt die Registrierung \u00fcber das Ticketingsystem <strong>pretix<\/strong>. Mit der Anmeldung erkl\u00e4rt sich der Kunde mit der Verarbeitung seiner Daten durch pretix einverstanden.<\/p>\n<p>2.2 Der Kunde muss bei der Registrierung vollst\u00e4ndige und korrekte Angaben machen.<\/p>\n<p>2.3 Mit Absenden der Registrierung gibt der Kunde ein Angebot zum Vertragsschluss auf Grundlage dieser Teilnahmebedingungen ab. Die Best\u00e4tigung durch CyberCompare erfolgt per E-Mail.<\/p>\n<p>2.4 Die folgenden gesetzlichen Regelungen zu den allgemeinen Pflichten im elektronischen Gesch\u00e4ftsverkehr finden f\u00fcr den Zugang zu und die Nutzung der Messe-Services keine Anwendung:<\/p>\n<ol>\n<li>&nbsp; a) Zurverf\u00fcgungstellung angemessener, wirksamer und zug\u00e4nglicher technischer Ma\u00dfnahmen, mit deren Hilfe der Kunde Eingabefehler vor Abgabe seiner Bestellung erkennen und berichtigen kann gem\u00e4\u00df \u00a7 312i Abs. 1 S. 1 Nr. 1 BGB;<\/li>\n<li>&nbsp; b) die klare und verst\u00e4ndliche Mitteilung der in Artikel 246c des Einf\u00fchrungsgesetzes zum B\u00fcrgerlichen Gesetzbuch bestimmten Informationen rechtzeitig vor Abgabe einer Bestellung, \u00a7 312i Abs. 1 S. 1 Nr. 2 BGB; und<\/li>\n<li>&nbsp; c) die unverz\u00fcgliche Best\u00e4tigung \u00fcber den Zugang der Bestellung des Kunden auf elektronischem Wege, \u00a7 312i Abs. 1 S. 1 Nr. 3 BGB.<\/li>\n<\/ol>\n<p>2.5 Alle Mitteilungen erfolgen elektronisch an die bei der Registrierung angegebene E-Mail-Adresse.<\/p>\n<p>2.6 Der Kunde haftet f\u00fcr alle Aktivit\u00e4ten, die unter seinen Registrierungsdaten erfolgen.<\/p>\n<p>2.7 Mit der Teilnahme an einem <strong>virtuellen Event \u00fcber Microsoft Teams<\/strong> erkl\u00e4rt sich der Kunde auch mit den jeweiligen <strong><a href=\"https:\/\/support.microsoft.com\/de-de\/office\/nutzungsbedingungen-f%C3%BCr-die-microsoft-teams-ereignisregistrierungswebsite-876e9338-a1cf-44cf-805b-d2a83b6b4399\">Nutzungsbedingungen f\u00fcr die Microsoft Teams-Ereignisregistrierungswebsite<\/a><\/strong> einverstanden.<\/p>\n<p><strong style=\"font-size: 16px;\">3. Nutzungsrechte<\/strong><\/p>\n<p>3.1 Inhalte und Materialien, die im Rahmen der Event-Services bereitgestellt werden, sind urheberrechtlich gesch\u00fctzt. Der Kunde erh\u00e4lt ein einfaches, nicht \u00fcbertragbares Nutzungsrecht ausschlie\u00dflich zur eigenen Information und Weiterbildung.<\/p>\n<p>3.2 Eine Weitergabe, Vervielf\u00e4ltigung oder \u00f6ffentliche Wiedergabe ohne Zustimmung von CyberCompare ist untersagt.<\/p>\n<p>3.3 Verst\u00f6\u00dfe gegen diese Regelungen k\u00f6nnen zum Ausschluss der Veranstaltung oder k\u00fcnftigen Veranstaltungen f\u00fchren.<\/p>\n<p><strong style=\"font-size: 16px;\">4. Datenschutz, Aufzeichnungen und Bildrechte<\/strong><\/p>\n<p>4.1 <strong>Virtuelle Events:<\/strong><br>Das Event wird regelm\u00e4\u00dfig <strong>aufgezeichnet<\/strong>. Mit der Teilnahme erkl\u00e4rt sich der Kunde damit einverstanden, dass Ton-, Bild- und ggf. Chatbeitr\u00e4ge im Rahmen der Aufzeichnung erfasst werden. Von der Aufzeichnung werden lediglich unserer Speaker-Vortr\u00e4ge zu Marketingzwecken verwendet und ver\u00f6ffentlicht.<\/p>\n<p>4.2 <strong>Live-Events:<\/strong><br>W\u00e4hrend des Events k\u00f6nnen durch CyberCompare, von CyberCompare beauftragte Fotograf:innen oder andere Teilnehmende <strong>Foto- und Videoaufnahmen<\/strong> erstellt werden.<br>Mit der Teilnahme erkl\u00e4rt sich der Kunde damit einverstanden, dass solche Aufnahmen, auf denen er oder seine Mitarbeitenden abgebildet sind, <strong>zu Dokumentations-, Kommunikations-, PR- und Marketingzwecken<\/strong> verwendet und ver\u00f6ffentlicht werden d\u00fcrfen (z. B. auf Webseiten, in sozialen Medien oder in Veranstaltungsberichten).<\/p>\n<p>4.3 Der Kunde stellt CyberCompare von s\u00e4mtlichen Anspr\u00fcchen Dritter frei, die im Zusammenhang mit einer Verletzung von Pers\u00f6nlichkeitsrechten durch diese Zustimmung stehen, soweit er die Verletzung zu vertreten hat.<\/p>\n<p>4.4 Erg\u00e4nzende Informationen zur Datenverarbeitung sind in der <strong><a href=\"https:\/\/cybercompare.com\/de\/datenschutzhinweise\/\">CyberCompare-Datenschutzerkl\u00e4rung<\/a><\/strong> abrufbar.<\/p>\n<p><strong style=\"font-size: 16px;\">5. Weitergabe von Kontaktdaten<\/strong><\/p>\n<p>Mit der Teilnahme erkl\u00e4rt sich der Kunde damit einverstanden, dass die im Rahmen der Anmeldung angegebenen <strong>Kontaktdaten (Name, Firma, Position, E-Mail-Adresse)<\/strong> nach dem Event an <strong>Speaker und Sponsoren<\/strong> weitergegeben werden d\u00fcrfen, um eine Kontaktaufnahme und den Austausch zu erm\u00f6glichen.<br>Der Kunde kann dieser Weitergabe jederzeit durch schriftliche Mitteilung an CyberCompare widersprechen.<\/p>\n<p><strong style=\"font-size: 16px;\">6. Verg\u00fctung<\/strong><\/p>\n<p>Die Event-Services werden unentgeltlich zur Verf\u00fcgung gestellt.<br><span data-teams=\"true\"><span id=\"message-body-1762352751650\" class=\"fui-ChatMessage__body r7802u9 ___1n78wxc f10pi13n ftqa4ok f2hkw1w f8hki3x f1d2448m f1bjia2o ffh67wi f1j6vpng f1pniga2 f987i1v f1ffjurs f15bsgw9 f14e48fq f18yb2kv fd6o370 ffwy5si f3znvyf f57olzd f4stah7 f480a47 fs1por5 fk6fouc figsok6 fkhj508 f19n0e5 f9ijwd5 ffzz00n f1deotkl f1ozlkrg f1o0qvyv f9ggezi f1xp5gbu f150uoa4 ffyari3 f16xq7d1 fo7qwa0 fxowb0n f11ghf3q f13aoclr flypziy f10kwr27 fquw1qa fftr39l f13lathq f15hsm81 f2ss68y ffb60jq f8nuap2 f13nk4fk f7jacry fq08z5q fd9af6s fr74w9q fcl9uv6 f13sm7pj f1u6qqly f16wpxbl faim3u9 f6cs3qo fa2w2z3 fd39nx6 f10gn8j9 frcqmxy f1w9ws4k f1ddxkqj fd10euv fvuz61 f1nbc6gw\"><span dir=\"auto\" id=\"content-1762352751650\" aria-label=\"Die Teilnahme an virtuellen Events ist kostenfrei; f\u00fcr Live-Events f\u00e4llt eine Teilnahmegeb\u00fchr von 300 \u20ac an. Die Einl\u00f6sung eines Rabattcodes ist m\u00f6glich.\" class=\"fui-Primitive ___16zla5h f1oy3dpc fqtknz5 fyvcxda\"><\/span><\/span><i style=\"height: 1px; width: 1px; opacity: 0.001;\"><\/i><\/span><\/p><p>Die Teilnahme an virtuellen Events ist kostenfrei; f\u00fcr Live-Events f\u00e4llt eine Teilnahmegeb\u00fchr von 300 \u20ac an. Die Einl\u00f6sung eines Rabattcodes ist m\u00f6glich.<\/p>\n<p><strong style=\"font-size: 16px;\">7. Haftung und Gew\u00e4hrleistung<\/strong><\/p>\n<p>7.1 Da die Event-Services unentgeltlich zur Verf\u00fcgung gestellt werden, \u00fcbernimmt CyberCompare keine Gew\u00e4hrleistung f\u00fcr Sach- oder Rechtsm\u00e4ngel, es sei denn, CyberCompare hat den jeweiligen Mangel arglistig verschwiegen.<\/p>\n<p>7.2 CyberCompare \u00fcbernimmt keine Gew\u00e4hrleistung daf\u00fcr, dass der Zugang zu oder die Nutzung der Event-Services ohne Unterbrechungen oder St\u00f6rungen m\u00f6glich ist.<\/p>\n<p>CyberCompare wird sich im Rahmen des Zumutbaren bem\u00fchen, die Event-Services so benutzerfreundlich und stabil wie m\u00f6glich bereitzustellen.<\/p>\n<p>Technische St\u00f6rungen (z. B. Ausfallzeiten, Wartungsarbeiten, Software- oder Netzprobleme, Unterbrechungen der Stromversorgung oder Datenleitungen) k\u00f6nnen jedoch zu vor\u00fcbergehenden Einschr\u00e4nkungen oder Unterbrechungen f\u00fchren.<\/p>\n<p>7.3 Im \u00dcbrigen haftet CyberCompare nur f\u00fcr Sch\u00e4den, die durch Vorsatz oder grobe Fahrl\u00e4ssigkeit verursacht wurden. Die Haftung nach dem Produkthaftungsgesetz bleibt unber\u00fchrt.<\/p>\n<p>7.4 Die vorstehenden Haftungsbeschr\u00e4nkungen gelten auch f\u00fcr gesetzliche Vertreter, Mitarbeitende und Erf\u00fcllungsgehilfen von CyberCompare.<\/p>\n<p><strong style=\"font-size: 16px;\">8. Freistellung<\/strong><\/p>\n<p>Der Kunde ist verpflichtet, CyberCompare von s\u00e4mtlichen Anspr\u00fcchen Dritter freizustellen, die aufgrund eines Versto\u00dfes gegen diese Teilnahmebedingungen oder einer Verletzung geltender Gesetze oder Rechte Dritter durch den Kunden geltend gemacht werden, soweit der Kunde den Anspruch zu vertreten hat.<\/p>\n<p>CyberCompare wird den Kunden im Falle einer Inanspruchnahme unverz\u00fcglich benachrichtigen und ihm die M\u00f6glichkeit zur eigenen Verteidigung einr\u00e4umen. CyberCompare wird den Kunden hierbei in angemessenem Umfang unterst\u00fctzen.<\/p>\n<p><strong style=\"font-size: 16px;\">9. Laufzeit und Beendigung<\/strong><\/p>\n<p>9.1 Diese Teilnahmebedingungen gelten ab der Registrierung bis zur Beendigung des jeweiligen Events.<\/p>\n<p>9.2 CyberCompare und der Kunde k\u00f6nnen die Teilnahme jederzeit aus beliebigen Gr\u00fcnden k\u00fcndigen oder stornieren.<\/p>\n<p>9.3 Mit Wirksamwerden der K\u00fcndigung endet das Nutzungsrecht an den Event-Services.<\/p>\n<p><strong style=\"font-size: 16px;\">10.Datenschutz<\/strong><\/p>\n<p>10.1 CyberCompare verarbeitet personenbezogene Daten der Teilnehmenden unter Einhaltung der geltenden datenschutzrechtlichen Bestimmungen, insbesondere der <strong>Datenschutz-Grundverordnung (DSGVO)<\/strong> und des <strong>Bundesdatenschutzgesetzes (BDSG)<\/strong>.<\/p>\n<p>10.2 Die Verarbeitung erfolgt ausschlie\u00dflich zum Zweck der Durchf\u00fchrung und Organisation des jeweiligen Events, einschlie\u00dflich der Kommunikation mit Teilnehmenden, der Bereitstellung von Zugangsdaten, der Erstellung von Aufzeichnungen (bei virtuellen Events) sowie \u2013 soweit anwendbar \u2013 der Weitergabe von Kontaktdaten an Speaker und Sponsoren gem\u00e4\u00df Abschnitt 5.<\/p>\n<p>10.3 Weitere Informationen zu den verarbeiteten Daten, deren Empf\u00e4ngern, den Speicherdauern und den Rechten der Betroffenen (z. B. Auskunft, L\u00f6schung, Widerspruch) sind in der <strong><a href=\"https:\/\/cybercompare.com\/de\/datenschutzhinweise\/\">CyberCompare-Datenschutzerkl\u00e4rung<\/a><\/strong> abrufbar.<\/p>\n<p><strong style=\"font-size: 16px;\">11. \u00c4nderungen und Absagen<\/strong><\/p>\n<p>11.1 CyberCompare beh\u00e4lt sich vor, Inhalt, Ablauf oder Durchf\u00fchrung des Events anzupassen oder das Event abzusagen, z. B. bei Krankheit von Referenten oder aus organisatorischen Gr\u00fcnden.<\/p>\n<p>11.2 CyberCompare kann diese Teilnahmebedingungen \u00e4ndern, soweit dies zur Anpassung an rechtliche, technische oder organisatorische Entwicklungen erforderlich ist und die berechtigten Interessen der Teilnehmer gewahrt bleiben<\/p>\n<p><strong style=\"font-size: 16px;\">12. Anwendbares Recht und Gerichtsstand<\/strong><\/p>\n<p>12.1 Es gilt das Recht der Bundesrepublik Deutschland. Das UN-Kaufrecht (CISG) findet keine Anwendung.<\/p>\n<p>12.2 Ausschlie\u00dflicher Gerichtsstand ist <strong>Stuttgart, Deutschland<\/strong>.<\/p>\n<p><strong style=\"font-size: 16px;\">13. Sonstiges<\/strong><\/p>\n<p>13.1 Vertragliche Erkl\u00e4rungen (z. B. Widerspr\u00fcche, K\u00fcndigungen) bed\u00fcrfen der Textform (E-Mail gen\u00fcgt).<\/p>\n<p>13.2 Eine Abtretung von Rechten oder Pflichten aus diesen Teilnahmebedingungen ist ohne schriftliche Zustimmung von CyberCompare nicht zul\u00e4ssig.<\/p>\n<p>13.3 Sollte eine Bestimmung dieser Teilnahmebedingungen unwirksam sein, bleibt die Wirksamkeit der \u00fcbrigen Bestimmungen unber\u00fchrt.<\/p>\n<p><strong>Bosch Business Innovations GmbH<\/strong><br>Gr\u00f6nerstr. 9, 71636 Ludwigsburg<br><strong>CyberCompare \u2013 Always a good decision<\/strong><\/p>\t\t\t\t\t\t\t\t<\/div>\n\t\t\t\t<\/div>\n\t\t\t\t\t<\/div>\n\t\t\t\t<\/div>\n\t\t\t\t<\/div>\n\t\t","protected":false},"excerpt":{"rendered":"<p>CyberCompare Teilnahmebedingungen f\u00fcr virtuelle und Live-Events Zuletzt ge\u00e4ndert: 22.10.2025 Diese Teilnahmebedingungen regeln die Rechtsbeziehungen zwischen [&hellip;]<\/p>\n","protected":false},"author":24,"featured_media":0,"parent":0,"menu_order":0,"comment_status":"closed","ping_status":"closed","template":"","meta":{"site-sidebar-layout":"no-sidebar","site-content-layout":"page-builder","ast-site-content-layout":"full-width-container","site-content-style":"default","site-sidebar-style":"default","ast-global-header-display":"","ast-banner-title-visibility":"","ast-main-header-display":"","ast-hfb-above-header-display":"","ast-hfb-below-header-display":"","ast-hfb-mobile-header-display":"","site-post-title":"disabled","ast-breadcrumbs-content":"","ast-featured-img":"disabled","footer-sml-layout":"","theme-transparent-header-meta":"","adv-header-id-meta":"","stick-header-meta":"","header-above-stick-meta":"","header-main-stick-meta":"","header-below-stick-meta":"","astra-migrate-meta-layouts":"set","ast-page-background-enabled":"default","ast-page-background-meta":{"desktop":{"background-color":"","background-image":"","background-repeat":"repeat","background-position":"center center","background-size":"auto","background-attachment":"scroll","background-type":"","background-media":"","overlay-type":"","overlay-color":"","overlay-opacity":"","overlay-gradient":""},"tablet":{"background-color":"","background-image":"","background-repeat":"repeat","background-position":"center center","background-size":"auto","background-attachment":"scroll","background-type":"","background-media":"","overlay-type":"","overlay-color":"","overlay-opacity":"","overlay-gradient":""},"mobile":{"background-color":"","background-image":"","background-repeat":"repeat","background-position":"center center","background-size":"auto","background-attachment":"scroll","background-type":"","background-media":"","overlay-type":"","overlay-color":"","overlay-opacity":"","overlay-gradient":""}},"ast-content-background-meta":{"desktop":{"background-color":"var(--ast-global-color-5)","background-image":"","background-repeat":"repeat","background-position":"center center","background-size":"auto","background-attachment":"scroll","background-type":"","background-media":"","overlay-type":"","overlay-color":"","overlay-opacity":"","overlay-gradient":""},"tablet":{"background-color":"var(--ast-global-color-5)","background-image":"","background-repeat":"repeat","background-position":"center center","background-size":"auto","background-attachment":"scroll","background-type":"","background-media":"","overlay-type":"","overlay-color":"","overlay-opacity":"","overlay-gradient":""},"mobile":{"background-color":"var(--ast-global-color-5)","background-image":"","background-repeat":"repeat","background-position":"center center","background-size":"auto","background-attachment":"scroll","background-type":"","background-media":"","overlay-type":"","overlay-color":"","overlay-opacity":"","overlay-gradient":""}},"footnotes":""},"class_list":["post-24802","page","type-page","status-publish","hentry"],"_links":{"self":[{"href":"https:\/\/cybercompare.com\/de\/wp-json\/wp\/v2\/pages\/24802","targetHints":{"allow":["GET"]}}],"collection":[{"href":"https:\/\/cybercompare.com\/de\/wp-json\/wp\/v2\/pages"}],"about":[{"href":"https:\/\/cybercompare.com\/de\/wp-json\/wp\/v2\/types\/page"}],"author":[{"embeddable":true,"href":"https:\/\/cybercompare.com\/de\/wp-json\/wp\/v2\/users\/24"}],"replies":[{"embeddable":true,"href":"https:\/\/cybercompare.com\/de\/wp-json\/wp\/v2\/comments?post=24802"}],"version-history":[{"count":31,"href":"https:\/\/cybercompare.com\/de\/wp-json\/wp\/v2\/pages\/24802\/revisions"}],"predecessor-version":[{"id":32624,"href":"https:\/\/cybercompare.com\/de\/wp-json\/wp\/v2\/pages\/24802\/revisions\/32624"}],"wp:attachment":[{"href":"https:\/\/cybercompare.com\/de\/wp-json\/wp\/v2\/media?parent=24802"}],"curies":[{"name":"wp","href":"https:\/\/api.w.org\/{rel}","templated":true}]}}