{"id":22291,"date":"2024-08-19T08:23:28","date_gmt":"2024-08-19T08:23:28","guid":{"rendered":"https:\/\/cybercompare.com\/?page_id=22291"},"modified":"2026-04-14T12:54:23","modified_gmt":"2026-04-14T12:54:23","slug":"faq-providers","status":"publish","type":"page","link":"https:\/\/cybercompare.com\/de\/faq-providers\/","title":{"rendered":"FAQ &#8211; Providers"},"content":{"rendered":"\t\t<div data-elementor-type=\"wp-page\" data-elementor-id=\"22291\" class=\"elementor elementor-22291 elementor-22268\" data-elementor-post-type=\"page\">\n\t\t\t\t<div class=\"elementor-element elementor-element-18682a6 e-flex e-con-boxed e-con e-parent\" data-id=\"18682a6\" data-element_type=\"container\" data-e-type=\"container\" data-settings=\"{&quot;background_background&quot;:&quot;classic&quot;,&quot;jet_parallax_layout_list&quot;:[]}\">\n\t\t\t\t\t<div class=\"e-con-inner\">\n\t\t<div class=\"elementor-element elementor-element-17fc32a e-con-full e-flex e-con e-child\" data-id=\"17fc32a\" data-element_type=\"container\" data-e-type=\"container\" data-settings=\"{&quot;jet_parallax_layout_list&quot;:[]}\">\n\t\t\t\t<div class=\"elementor-element elementor-element-fe8b245 elementor-widget elementor-widget-heading\" data-id=\"fe8b245\" data-element_type=\"widget\" data-e-type=\"widget\" data-widget_type=\"heading.default\">\n\t\t\t\t<div class=\"elementor-widget-container\">\n\t\t\t\t\t<h1 class=\"elementor-heading-title elementor-size-default\">Anbieterverzeichnis - FAQ<\/h1>\t\t\t\t<\/div>\n\t\t\t\t<\/div>\n\t\t\t\t<\/div>\n\t\t\t\t\t<\/div>\n\t\t\t\t<\/div>\n\t\t<div class=\"elementor-element elementor-element-280edb0 e-flex e-con-boxed e-con e-parent\" data-id=\"280edb0\" data-element_type=\"container\" data-e-type=\"container\" data-settings=\"{&quot;jet_parallax_layout_list&quot;:[],&quot;background_background&quot;:&quot;classic&quot;}\">\n\t\t\t\t\t<div class=\"e-con-inner\">\n\t\t\t\t<div class=\"elementor-element elementor-element-503e590 elementor-widget elementor-widget-heading\" data-id=\"503e590\" data-element_type=\"widget\" data-e-type=\"widget\" data-settings=\"{&quot;_animation&quot;:&quot;none&quot;}\" data-widget_type=\"heading.default\">\n\t\t\t\t<div class=\"elementor-widget-container\">\n\t\t\t\t\t<h6 class=\"elementor-heading-title elementor-size-default\">Hier erhalten Sie Antworten<\/h6>\t\t\t\t<\/div>\n\t\t\t\t<\/div>\n\t\t\t\t<div class=\"elementor-element elementor-element-af7efba elementor-widget__width-inherit elementor-widget elementor-widget-heading\" data-id=\"af7efba\" data-element_type=\"widget\" data-e-type=\"widget\" data-settings=\"{&quot;_animation&quot;:&quot;none&quot;}\" data-widget_type=\"heading.default\">\n\t\t\t\t<div class=\"elementor-widget-container\">\n\t\t\t\t\t<h3 class=\"elementor-heading-title elementor-size-default\">H\u00e4ufig gestellte Fragen<\/h3>\t\t\t\t<\/div>\n\t\t\t\t<\/div>\n\t\t\t\t<div class=\"elementor-element elementor-element-39520b8 elementor-widget-divider--view-line elementor-widget elementor-widget-divider\" data-id=\"39520b8\" data-element_type=\"widget\" data-e-type=\"widget\" data-widget_type=\"divider.default\">\n\t\t\t\t<div class=\"elementor-widget-container\">\n\t\t\t\t\t\t\t<div class=\"elementor-divider\">\n\t\t\t<span class=\"elementor-divider-separator\">\n\t\t\t\t\t\t<\/span>\n\t\t<\/div>\n\t\t\t\t\t\t<\/div>\n\t\t\t\t<\/div>\n\t\t\t\t<div class=\"elementor-element elementor-element-603ae7e elementor-widget elementor-widget-jet-accordion\" data-id=\"603ae7e\" data-element_type=\"widget\" data-e-type=\"widget\" data-widget_type=\"jet-accordion.default\">\n\t\t\t\t<div class=\"elementor-widget-container\">\n\t\t\t\t\t\t\t\t\t<div class=\"jet-accordion\" data-settings=\"{&quot;collapsible&quot;:true,&quot;ajaxTemplate&quot;:false,&quot;switchScrolling&quot;:false,&quot;switchScrollingTablet&quot;:false,&quot;switchScrollingMobile&quot;:false,&quot;switchScrollingOffset&quot;:{&quot;size&quot;:0,&quot;unit&quot;:&quot;px&quot;},&quot;switchScrollingOffsetTablet&quot;:{&quot;size&quot;:0,&quot;unit&quot;:&quot;px&quot;},&quot;switchScrollingOffsetMobile&quot;:{&quot;size&quot;:0,&quot;unit&quot;:&quot;px&quot;},&quot;switchScrollingDelay&quot;:500,&quot;switchScrollingDelayTablet&quot;:500,&quot;switchScrollingDelayMobile&quot;:500}\">\n\t\t\t<div class=\"jet-accordion__inner\">\n\t\t\t\t<div class=\" jet-accordion__item jet-toggle jet-toggle-none-effect \">\n\t\t\t\t\t\t\t<div id=\"jet-toggle-control-1001\" class=\"jet-toggle__control elementor-menu-anchor\" data-toggle=\"1\" role=\"button\" tabindex=\"0\" aria-controls=\"jet-toggle-content-1001\" aria-expanded=\"false\" data-template-id=\"false\">\n\t\t\t\t\t\t\t\t<div class=\"jet-toggle__label-icon jet-toggle-icon-position-left\"><span class=\"jet-toggle__icon icon-normal jet-tabs-icon\"><i class=\"fas fa-angle-right\"><\/i><\/span><span class=\"jet-toggle__icon icon-active jet-tabs-icon\"><i class=\"fas fa-angle-down\"><\/i><\/span><\/div><span class=\"jet-toggle__label-text\">M\u00fcssen Anbieter Mitglied in der CyberCompare Community sein, um an Ausschreibungsprojekten teilzunehmen?<\/span>\t\t\t\t\t\t\t<\/div>\n\t\t\t\t\t\t\t<div id=\"jet-toggle-content-1001\" class=\"jet-toggle__content\" data-toggle=\"1\" role=\"region\" data-template-id=\"false\">\n\t\t\t\t\t\t\t\t<div class=\"jet-toggle__content-inner\"><p>Nein, diese zwei Bereiche sind getrennt:\u00a0<\/p><p>In CyberCompare Kundenprojekten haben wir von CyberCompare immer Zugriff auf alle Security-Anbieter am globalen Markt und identifizieren mit unserem Kunden gemeinsam eine Long-List und sp\u00e4ter auf Basis des Angebotsvergleichs die Short-List. Das CyberCompare Anbieterverzeichnis ist f\u00fcr CISOs, CIOs, CEOs, IT-Leiter und alle Security Interessierten eine M\u00f6glichkeit, die Security Anbieter auf dem Markt zu identifizieren und sich so einen \u00dcberblick zu verschaffen. Sie steht in keiner Weise mit den Ausschreibungsprojekten in Verbindung.<\/p><\/div>\n\t\t\t\t\t\t\t<\/div>\n\t\t\t\t\t\t<\/div><div class=\" jet-accordion__item jet-toggle jet-toggle-none-effect \">\n\t\t\t\t\t\t\t<div id=\"jet-toggle-control-1002\" class=\"jet-toggle__control elementor-menu-anchor\" data-toggle=\"2\" role=\"button\" tabindex=\"0\" aria-controls=\"jet-toggle-content-1002\" aria-expanded=\"false\" data-template-id=\"false\">\n\t\t\t\t\t\t\t\t<div class=\"jet-toggle__label-icon jet-toggle-icon-position-left\"><span class=\"jet-toggle__icon icon-normal jet-tabs-icon\"><i class=\"fas fa-angle-right\"><\/i><\/span><span class=\"jet-toggle__icon icon-active jet-tabs-icon\"><i class=\"fas fa-angle-down\"><\/i><\/span><\/div><span class=\"jet-toggle__label-text\">Warum ist die Teilnahme an der CyberCompare Community kostenpflichtig?<\/span>\t\t\t\t\t\t\t<\/div>\n\t\t\t\t\t\t\t<div id=\"jet-toggle-content-1002\" class=\"jet-toggle__content\" data-toggle=\"2\" role=\"region\" data-template-id=\"false\">\n\t\t\t\t\t\t\t\t<div class=\"jet-toggle__content-inner\"><ul><li>Die Teilnahme und Listung in der CyberCompare Community ist mit dem \u201eStarter Paket\u201c kostenfrei m\u00f6glich. Ab der Stufe \u201eAdvanced\u201c ist das Angebot kostenpflichtig, da f\u00fcr uns Erstellungs- und Wartungsaufw\u00e4nde (z.B. f\u00fcr die Erstellung von Videointerviews) anfallen und in den Paketen bevorzugte Konditionen f\u00fcr unsere Konferenzen enthalten sind. Die unterschiedlichen Preismodelle k\u00f6nnen <a href=\"https:\/\/cybercompare.com\/de\/provider-directory-onboarding\/\"><span style=\"text-decoration: underline;\">hier<\/span><\/a> transparent eingesehen werden.<\/li><li>Wir von CyberCompare verpflichten uns unseren Endkunden gegen\u00fcber, hochwertige Beratungsdienstleistungen zu erbringen \u2013 immer aus einer Anbieter-unabh\u00e4ngigen Perspektive. Dabei hilft uns unsere CyberCompare Community, den Anbietermarkt in der D\/A\/CH Region, aber auch global sehr gut zu kennen. Wo liegen die St\u00e4rken &amp; Schw\u00e4chen? Welche Innovationen eignen sich f\u00fcr unsere Kunden? Welche L\u00f6sungen verschwinden von der Landkarte? \u00dcber die Mitgliedsgeb\u00fchren der Security Anbieter k\u00f6nnen wir uns daf\u00fcr explizit Zeit nehmen, uns Demos geben lassen und mit Kundenreferenzen sprechen. Gleichzeitig ist es im Interesse aller Beteiligten, wenn wir z.B. Market Insights mit den Anbietern teilen und uns Zeit f\u00fcr Feedbacks nehmen k\u00f6nnen. So tragen wir einen Teil dazu bei, dass sich der wichtige und hoch innovative Cyber-Markt weiterhin in die richtige Richtung entwickeln kann.<\/li><\/ul><\/div>\n\t\t\t\t\t\t\t<\/div>\n\t\t\t\t\t\t<\/div><div class=\" jet-accordion__item jet-toggle jet-toggle-none-effect \">\n\t\t\t\t\t\t\t<div id=\"jet-toggle-control-1003\" class=\"jet-toggle__control elementor-menu-anchor\" data-toggle=\"3\" role=\"button\" tabindex=\"0\" aria-controls=\"jet-toggle-content-1003\" aria-expanded=\"false\" data-template-id=\"false\">\n\t\t\t\t\t\t\t\t<div class=\"jet-toggle__label-icon jet-toggle-icon-position-left\"><span class=\"jet-toggle__icon icon-normal jet-tabs-icon\"><i class=\"fas fa-angle-right\"><\/i><\/span><span class=\"jet-toggle__icon icon-active jet-tabs-icon\"><i class=\"fas fa-angle-down\"><\/i><\/span><\/div><span class=\"jet-toggle__label-text\">Wie stellt CyberCompare die Unabh\u00e4ngigkeit in Ausschreibungen sicher?<\/span>\t\t\t\t\t\t\t<\/div>\n\t\t\t\t\t\t\t<div id=\"jet-toggle-content-1003\" class=\"jet-toggle__content\" data-toggle=\"3\" role=\"region\" data-template-id=\"false\">\n\t\t\t\t\t\t\t\t<div class=\"jet-toggle__content-inner\"><ul><li>Die Unabh\u00e4ngigkeit im Cybersecurity-Markt ist unser h\u00f6chstes Gut. Unsere Kunden vertrauen uns und arbeiten aus diesem Grund mit uns zusammen. Jegliche Verletzung dieser Unabh\u00e4ngigkeit h\u00e4tte daher direkte weitreichende negative Folgen f\u00fcr unseren Ruf und letztlich unser Gesch\u00e4ft.<\/li><li>Daher lassen wir keinen Zweifel aufkommen und arbeiten auch intern immer im 4 Augen-Konzept. In einem typischen Projekt schlagen wir dem Kunden 5-10 passende Anbieter vor \u2013 mit einem kurzen Profil, aber ohne voreilige Empfehlungen. Auf Basis der Ausschreibung und eines transparenten Vergleichs trifft unser Kunde dann die Entscheidung bzgl. einer Short-List, bzw. sp\u00e4ter des finalen Gewinners. Wir sprechen Empfehlungen aus \u2013 beziehen uns dabei immer auf die Faktenlage, bzw. stellen auch gerne den Kontakt zu anderen Kunden her, die den jeweiligen Anbieter bereits nutzen.<\/li><li>Bei allen unseren Angebotsvergleichen erh\u00e4lt der Kunde neben unseren Auswertungsunterlagen mit Scorings und Gewichtungen pro Kriterium auch alle vollst\u00e4ndigen Originalinformationen der Anbieter inkl. der jeweiligen Kontaktdaten. Dies stellt sicher, dass unsere unabh\u00e4ngigen Bewertungen methodisch nachvollziehbar sind und nachpr\u00fcfbar keine Bevorzugung von Anbietern erfolgt. Auch f\u00fcr die Einhaltung von Compliance-Richtlinien bei unseren Kunden ist diese <br \/>transparent dokumentierte Entscheidungsfindung wichtig.<\/li><\/ul><\/div>\n\t\t\t\t\t\t\t<\/div>\n\t\t\t\t\t\t<\/div><div class=\" jet-accordion__item jet-toggle jet-toggle-none-effect \">\n\t\t\t\t\t\t\t<div id=\"jet-toggle-control-1004\" class=\"jet-toggle__control elementor-menu-anchor\" data-toggle=\"4\" role=\"button\" tabindex=\"0\" aria-controls=\"jet-toggle-content-1004\" aria-expanded=\"false\" data-template-id=\"false\">\n\t\t\t\t\t\t\t\t<div class=\"jet-toggle__label-icon jet-toggle-icon-position-left\"><span class=\"jet-toggle__icon icon-normal jet-tabs-icon\"><i class=\"fas fa-angle-right\"><\/i><\/span><span class=\"jet-toggle__icon icon-active jet-tabs-icon\"><i class=\"fas fa-angle-down\"><\/i><\/span><\/div><span class=\"jet-toggle__label-text\">Gibt es etwaige Interessenskonflikte durch Mitgliedsbeitr\u00e4ge von Anbietern?<\/span>\t\t\t\t\t\t\t<\/div>\n\t\t\t\t\t\t\t<div id=\"jet-toggle-content-1004\" class=\"jet-toggle__content\" data-toggle=\"4\" role=\"region\" data-template-id=\"false\">\n\t\t\t\t\t\t\t\t<div class=\"jet-toggle__content-inner\"><p>Nein, die Mitgliedsgeb\u00fchren haben die Funktion eines Zuschusses f\u00fcr unsere Werbe- und Betriebskosten und liegen zwischen 2.500 EUR und 7.500 EUR pro Jahr. Damit hat ein einzelner Anbieter f\u00fcr uns keine \u201egesch\u00e4ftssensitive\u201c Relevanz und eine etwaige kurzfristige Bevorteilung h\u00e4tte somit keinerlei Vorteile. In allen Marktrecherchen, Angebotsvergleichen und Ausschreibungen im Kundenauftrag wird CyberCompare ausschlie\u00dflich durch die Kunden bezahlt und erh\u00e4lt keinerlei Tippgebergeb\u00fchren, Provisionen oder sonstige Verg\u00fctungen durch Anbieter.<\/p><\/div>\n\t\t\t\t\t\t\t<\/div>\n\t\t\t\t\t\t<\/div><div class=\" jet-accordion__item jet-toggle jet-toggle-none-effect \">\n\t\t\t\t\t\t\t<div id=\"jet-toggle-control-1005\" class=\"jet-toggle__control elementor-menu-anchor\" data-toggle=\"5\" role=\"button\" tabindex=\"0\" aria-controls=\"jet-toggle-content-1005\" aria-expanded=\"false\" data-template-id=\"false\">\n\t\t\t\t\t\t\t\t<div class=\"jet-toggle__label-icon jet-toggle-icon-position-left\"><span class=\"jet-toggle__icon icon-normal jet-tabs-icon\"><i class=\"fas fa-angle-right\"><\/i><\/span><span class=\"jet-toggle__icon icon-active jet-tabs-icon\"><i class=\"fas fa-angle-down\"><\/i><\/span><\/div><span class=\"jet-toggle__label-text\">Welche Vorteile bietet die Mitgliedschaft in der CyberCompare Community f\u00fcr Anbieter?<\/span>\t\t\t\t\t\t\t<\/div>\n\t\t\t\t\t\t\t<div id=\"jet-toggle-content-1005\" class=\"jet-toggle__content\" data-toggle=\"5\" role=\"region\" data-template-id=\"false\">\n\t\t\t\t\t\t\t\t<div class=\"jet-toggle__content-inner\"><ol><li>Die CyberCompare Community bietet Ihnen als Anbieter Pr\u00e4senz, um Ihr Portfolio zu pr\u00e4sentieren. Unsere Community umfasst mehr als 2.000 CISOs, CIOs und IT-Entscheider. Sie werden also gesehen.<\/li><li>Sie erhalten bevorzugten Zugang zu exklusiven Austauschm\u00f6glichkeiten auf unseren Konferenzen, um Ihr Portfolio und Ihr Gesch\u00e4ft weiterzuentwickeln.<\/li><li>Ihr Profil hilft f\u00fcr die pr\u00e4zise Einordnung und kann das Interesse bei potenziellen Kunden wecken.<\/li><\/ol><\/div>\n\t\t\t\t\t\t\t<\/div>\n\t\t\t\t\t\t<\/div><div class=\" jet-accordion__item jet-toggle jet-toggle-none-effect \">\n\t\t\t\t\t\t\t<div id=\"jet-toggle-control-1006\" class=\"jet-toggle__control elementor-menu-anchor\" data-toggle=\"6\" role=\"button\" tabindex=\"0\" aria-controls=\"jet-toggle-content-1006\" aria-expanded=\"false\" data-template-id=\"false\">\n\t\t\t\t\t\t\t\t<div class=\"jet-toggle__label-icon jet-toggle-icon-position-left\"><span class=\"jet-toggle__icon icon-normal jet-tabs-icon\"><i class=\"fas fa-angle-right\"><\/i><\/span><span class=\"jet-toggle__icon icon-active jet-tabs-icon\"><i class=\"fas fa-angle-down\"><\/i><\/span><\/div><span class=\"jet-toggle__label-text\">Wie l\u00e4uft die Auswahl der Anbieter im Ausschreibungsprojekt ab? <\/span>\t\t\t\t\t\t\t<\/div>\n\t\t\t\t\t\t\t<div id=\"jet-toggle-content-1006\" class=\"jet-toggle__content\" data-toggle=\"6\" role=\"region\" data-template-id=\"false\">\n\t\t\t\t\t\t\t\t<div class=\"jet-toggle__content-inner\"><ol><li>In \u00f6ffentlichen Ausschreibungen k\u00f6nnen sich alle interessierten Anbieter frei bewerben. Hier unterst\u00fctzt CyberCompare den Kunden im Hintergrund z.B. bei der Leistungsbeschreibung oder der Auswertung.<\/li><li>In CyberCompare-Ausschreibungen erstellt meist CyberCompare eine Anbieter Long-List und diskutiert diese mit dem Kunden. Der Kunde entscheidet am Ende \u00fcber die Auswahl.<\/li><li>CyberCompare basiert den Vorschlag v.a. auf Basis der internen Anbieter-Datenbank: Wer kann was? Auf Basis welcher Technologie? Sind die erforderlichen Qualifikationen vorhanden? Wer passt zum Preisrahmen des Kunden? Wie waren die bisherigen Projekterfahrungen (Anbieter X hat in \u00e4hnlichen Projekten positiv \u00fcberzeugt?).<\/li><\/ol><\/div>\n\t\t\t\t\t\t\t<\/div>\n\t\t\t\t\t\t<\/div><div class=\" jet-accordion__item jet-toggle jet-toggle-none-effect \">\n\t\t\t\t\t\t\t<div id=\"jet-toggle-control-1007\" class=\"jet-toggle__control elementor-menu-anchor\" data-toggle=\"7\" role=\"button\" tabindex=\"0\" aria-controls=\"jet-toggle-content-1007\" aria-expanded=\"false\" data-template-id=\"false\">\n\t\t\t\t\t\t\t\t<div class=\"jet-toggle__label-icon jet-toggle-icon-position-left\"><span class=\"jet-toggle__icon icon-normal jet-tabs-icon\"><i class=\"fas fa-angle-right\"><\/i><\/span><span class=\"jet-toggle__icon icon-active jet-tabs-icon\"><i class=\"fas fa-angle-down\"><\/i><\/span><\/div><span class=\"jet-toggle__label-text\">Wie wird die Qualit\u00e4t der Anbieter in der CyberCompare Community sichergestellt? Gibt es spezielle Kriterien, die Anbieter erf\u00fcllen m\u00fcssen, um Mitglied zu werden?<\/span>\t\t\t\t\t\t\t<\/div>\n\t\t\t\t\t\t\t<div id=\"jet-toggle-content-1007\" class=\"jet-toggle__content\" data-toggle=\"7\" role=\"region\" data-template-id=\"false\">\n\t\t\t\t\t\t\t\t<div class=\"jet-toggle__content-inner\"><p>Der Anbieter muss \u00fcber eine grunds\u00e4tzlich positive Reputation verf\u00fcgen, im Bereich Cybersecurity aktiv sein und ein Onboarding-Gespr\u00e4ch mit einem CyberCompare Solution Manager durchlaufen. Die Bewertung liegt im Ermessensspielraum von CyberCompare. CyberCompare beh\u00e4lt sich vor, Mitgliedschaften nach einer Pr\u00fcfung zu widerrufen. Sollte es in Projekten grobe Qualit\u00e4tsprobleme geben (z.B. unfaires Verhalten, relevante Security- oder Datenschutzverst\u00f6\u00dfe, wesentliche Abweichungen zwischen Angebotsphase und Umsetzung, \u2026), beh\u00e4lt sich CyberCompare auch hier vor, Mitgliedschaften zu widerrufen.<\/p><\/div>\n\t\t\t\t\t\t\t<\/div>\n\t\t\t\t\t\t<\/div>\t\t\t<\/div>\n\t\t<\/div>\n\t\t\t\t\t\t<\/div>\n\t\t\t\t<\/div>\n\t\t\t\t\t<\/div>\n\t\t\t\t<\/div>\n\t\t\t\t<\/div>\n\t\t","protected":false},"excerpt":{"rendered":"<p>Anbieterverzeichnis &#8211; FAQ Hier erhalten Sie Antworten H\u00e4ufig gestellte Fragen M\u00fcssen Anbieter Mitglied in der [&hellip;]<\/p>\n","protected":false},"author":24,"featured_media":2638,"parent":0,"menu_order":0,"comment_status":"closed","ping_status":"closed","template":"","meta":{"site-sidebar-layout":"no-sidebar","site-content-layout":"page-builder","ast-site-content-layout":"full-width-container","site-content-style":"default","site-sidebar-style":"default","ast-global-header-display":"","ast-banner-title-visibility":"","ast-main-header-display":"","ast-hfb-above-header-display":"","ast-hfb-below-header-display":"","ast-hfb-mobile-header-display":"","site-post-title":"disabled","ast-breadcrumbs-content":"","ast-featured-img":"disabled","footer-sml-layout":"","theme-transparent-header-meta":"","adv-header-id-meta":"","stick-header-meta":"","header-above-stick-meta":"","header-main-stick-meta":"","header-below-stick-meta":"","astra-migrate-meta-layouts":"default","ast-page-background-enabled":"default","ast-page-background-meta":{"desktop":{"background-color":"","background-image":"","background-repeat":"repeat","background-position":"center center","background-size":"auto","background-attachment":"scroll","background-type":"","background-media":"","overlay-type":"","overlay-color":"","overlay-opacity":"","overlay-gradient":""},"tablet":{"background-color":"","background-image":"","background-repeat":"repeat","background-position":"center center","background-size":"auto","background-attachment":"scroll","background-type":"","background-media":"","overlay-type":"","overlay-color":"","overlay-opacity":"","overlay-gradient":""},"mobile":{"background-color":"","background-image":"","background-repeat":"repeat","background-position":"center center","background-size":"auto","background-attachment":"scroll","background-type":"","background-media":"","overlay-type":"","overlay-color":"","overlay-opacity":"","overlay-gradient":""}},"ast-content-background-meta":{"desktop":{"background-color":"var(--ast-global-color-5)","background-image":"","background-repeat":"repeat","background-position":"center center","background-size":"auto","background-attachment":"scroll","background-type":"","background-media":"","overlay-type":"","overlay-color":"","overlay-opacity":"","overlay-gradient":""},"tablet":{"background-color":"var(--ast-global-color-5)","background-image":"","background-repeat":"repeat","background-position":"center center","background-size":"auto","background-attachment":"scroll","background-type":"","background-media":"","overlay-type":"","overlay-color":"","overlay-opacity":"","overlay-gradient":""},"mobile":{"background-color":"var(--ast-global-color-5)","background-image":"","background-repeat":"repeat","background-position":"center center","background-size":"auto","background-attachment":"scroll","background-type":"","background-media":"","overlay-type":"","overlay-color":"","overlay-opacity":"","overlay-gradient":""}},"footnotes":""},"class_list":["post-22291","page","type-page","status-publish","has-post-thumbnail","hentry"],"_links":{"self":[{"href":"https:\/\/cybercompare.com\/de\/wp-json\/wp\/v2\/pages\/22291","targetHints":{"allow":["GET"]}}],"collection":[{"href":"https:\/\/cybercompare.com\/de\/wp-json\/wp\/v2\/pages"}],"about":[{"href":"https:\/\/cybercompare.com\/de\/wp-json\/wp\/v2\/types\/page"}],"author":[{"embeddable":true,"href":"https:\/\/cybercompare.com\/de\/wp-json\/wp\/v2\/users\/24"}],"replies":[{"embeddable":true,"href":"https:\/\/cybercompare.com\/de\/wp-json\/wp\/v2\/comments?post=22291"}],"version-history":[{"count":9,"href":"https:\/\/cybercompare.com\/de\/wp-json\/wp\/v2\/pages\/22291\/revisions"}],"predecessor-version":[{"id":34366,"href":"https:\/\/cybercompare.com\/de\/wp-json\/wp\/v2\/pages\/22291\/revisions\/34366"}],"wp:featuredmedia":[{"embeddable":true,"href":"https:\/\/cybercompare.com\/de\/wp-json\/wp\/v2\/media\/2638"}],"wp:attachment":[{"href":"https:\/\/cybercompare.com\/de\/wp-json\/wp\/v2\/media?parent=22291"}],"curies":[{"name":"wp","href":"https:\/\/api.w.org\/{rel}","templated":true}]}}